{"id":2,"date":"2014-11-21T04:51:49","date_gmt":"2014-11-21T04:51:49","guid":{"rendered":"http:\/\/localhost\/wordpress-4.0.1\/wordpress\/?page_id=2"},"modified":"2022-04-13T21:52:40","modified_gmt":"2022-04-13T21:52:40","slug":"sample-page","status":"publish","type":"page","link":"https:\/\/ernaehrungscoach-schilling.de\/","title":{"rendered":"Ern\u00e4hrungsberatung Marko Schilling"},"content":{"rendered":"<p>Sch\u00f6n, dass sie sich f\u00fcr das Thema Ern\u00e4hrung interessieren.<\/p>\n<p><span style=\"font-family: Arial; font-size: medium\">Mein Name ist Marko Schilling. Ich habe an der Friedrich Schiller Universit\u00e4t in Jena Ern\u00e4hrungswissenschaft studiert (Diplom-Trophologe) und eine Ausbildung zum Ern\u00e4hrungsberater\/DGE an das Studium angeh\u00e4ngt, um Ihnen so die gr\u00f6\u00dfte m\u00f6gliche Qualit\u00e4t in der Ern\u00e4hrungsberatung bzw. in der Ern\u00e4hrungstherapie bieten zu k\u00f6nnen.&nbsp;&nbsp;<\/span><\/p>\n<p>Schon ein alter griechischer Philosoph wusste, wie wichtig die Ern\u00e4hrung im Zusammenhang mit der Gesundheit zu sehen ist. Er pr\u00e4gte folgenden Spruch:<\/p>\n<p><em>&#8222;Da flehen die Menschen die G\u00f6tter um Gesundheit an und wissen nicht, dass sie die Macht dar\u00fcber selbst besitzen.&#8220; <\/em><\/p>\n<p>Demokrit<\/p>\n<p>Mit Essen, Trinken und Sport kann man Krankheiten vorbeugen und sie beeinflussen! F\u00fcr das Thema Ern\u00e4hrung, in vorbeugender Weise, bei bestehenden Erkrankungen, Unvertr\u00e4glichkeiten o. \u00e4., bin ich gern f\u00fcr die Bereiche <b>Sangerhausen, Eisleben und Querfurt<\/b> ihr Ansprechpartner.<\/p>\n<p>Da zu einer gesunden Lebensweise auch Sport geh\u00f6rt, bin ich auch hierf\u00fcr als ausgebildeter <b>Fitnesstrainer<\/b> f\u00fcr Sie da.<\/p>\n<p>Ihr Ern\u00e4hrungscoach<\/p>\n<p>Marko Schilling<\/p>\n","protected":false},"excerpt":{"rendered":"<p>Sch\u00f6n, dass sie sich f\u00fcr das Thema Ern\u00e4hrung interessieren. Mein Name ist Marko Schilling. Ich habe an der Friedrich Schiller Universit\u00e4t in Jena Ern\u00e4hrungswissenschaft studiert (Diplom-Trophologe) und eine Ausbildung zum Ern\u00e4hrungsberater\/DGE an das Studium angeh\u00e4ngt, um Ihnen so die gr\u00f6\u00dfte m\u00f6gliche Qualit\u00e4t in der Ern\u00e4hrungsberatung bzw. in der Ern\u00e4hrungstherapie bieten zu k\u00f6nnen.&nbsp;&nbsp; Schon ein alter &hellip; <a href=\"https:\/\/ernaehrungscoach-schilling.de\/\" class=\"more-link\"><span class=\"screen-reader-text\">Ern\u00e4hrungsberatung Marko Schilling<\/span> weiterlesen <span class=\"meta-nav\">&rarr;<\/span><\/a><\/p>\n","protected":false},"author":1,"featured_media":4,"parent":0,"menu_order":0,"comment_status":"open","ping_status":"open","template":"","meta":{"footnotes":""},"class_list":["post-2","page","type-page","status-publish","has-post-thumbnail","hentry"],"_links":{"self":[{"href":"https:\/\/ernaehrungscoach-schilling.de\/index.php?rest_route=\/wp\/v2\/pages\/2","targetHints":{"allow":["GET"]}}],"collection":[{"href":"https:\/\/ernaehrungscoach-schilling.de\/index.php?rest_route=\/wp\/v2\/pages"}],"about":[{"href":"https:\/\/ernaehrungscoach-schilling.de\/index.php?rest_route=\/wp\/v2\/types\/page"}],"author":[{"embeddable":true,"href":"https:\/\/ernaehrungscoach-schilling.de\/index.php?rest_route=\/wp\/v2\/users\/1"}],"replies":[{"embeddable":true,"href":"https:\/\/ernaehrungscoach-schilling.de\/index.php?rest_route=%2Fwp%2Fv2%2Fcomments&post=2"}],"version-history":[{"count":6,"href":"https:\/\/ernaehrungscoach-schilling.de\/index.php?rest_route=\/wp\/v2\/pages\/2\/revisions"}],"predecessor-version":[{"id":119,"href":"https:\/\/ernaehrungscoach-schilling.de\/index.php?rest_route=\/wp\/v2\/pages\/2\/revisions\/119"}],"wp:featuredmedia":[{"embeddable":true,"href":"https:\/\/ernaehrungscoach-schilling.de\/index.php?rest_route=\/wp\/v2\/media\/4"}],"wp:attachment":[{"href":"https:\/\/ernaehrungscoach-schilling.de\/index.php?rest_route=%2Fwp%2Fv2%2Fmedia&parent=2"}],"curies":[{"name":"wp","href":"https:\/\/api.w.org\/{rel}","templated":true}]}}